{"id":3999,"date":"2013-05-31T11:56:39","date_gmt":"2013-05-31T11:56:39","guid":{"rendered":"http:\/\/vakantiehuis.clickhost.nl\/?page_id=3999&#038;lang=fr"},"modified":"2024-03-30T19:48:09","modified_gmt":"2024-03-30T19:48:09","slug":"contact","status":"publish","type":"page","link":"https:\/\/vakantiehuisopcorsica.com\/fr\/contact\/","title":{"rendered":"Contact"},"content":{"rendered":"\n<div class=\"wp-block-cover alignfull\" style=\"min-height:157px;aspect-ratio:unset;\"><span aria-hidden=\"true\" class=\"wp-block-cover__background has-background-dim-40 has-background-dim\"><\/span><img loading=\"lazy\" decoding=\"async\" width=\"1345\" height=\"448\" class=\"wp-block-cover__image-background wp-image-3836\" alt=\"Villa Arbousier aan zee\" src=\"https:\/\/vakantiehuisopcorsica.com\/wp-content\/uploads\/2015\/07\/36-arbousier.jpg\" style=\"object-position:51% 65%\" data-object-fit=\"cover\" data-object-position=\"51% 65%\" srcset=\"https:\/\/vakantiehuisopcorsica.com\/wp-content\/uploads\/2015\/07\/36-arbousier.jpg 1345w, https:\/\/vakantiehuisopcorsica.com\/wp-content\/uploads\/2015\/07\/36-arbousier-300x100.jpg 300w, https:\/\/vakantiehuisopcorsica.com\/wp-content\/uploads\/2015\/07\/36-arbousier-1024x341.jpg 1024w, https:\/\/vakantiehuisopcorsica.com\/wp-content\/uploads\/2015\/07\/36-arbousier-600x200.jpg 600w, https:\/\/vakantiehuisopcorsica.com\/wp-content\/uploads\/2015\/07\/36-arbousier-150x50.jpg 150w, https:\/\/vakantiehuisopcorsica.com\/wp-content\/uploads\/2015\/07\/36-arbousier-768x256.jpg 768w\" sizes=\"auto, (max-width: 1345px) 100vw, 1345px\" \/><div class=\"wp-block-cover__inner-container is-layout-flow wp-block-cover-is-layout-flow\">\n<p class=\"has-text-align-center has-large-font-size\">Contact<\/p>\n<\/div><\/div>\n\n\n<style>.kb-row-layout-id3999_7d4ea8-d9 > .kt-row-column-wrap{align-content:start;}:where(.kb-row-layout-id3999_7d4ea8-d9 > .kt-row-column-wrap) > .wp-block-kadence-column{justify-content:start;}.kb-row-layout-id3999_7d4ea8-d9 > .kt-row-column-wrap{column-gap:var(--global-kb-gap-md, 2rem);row-gap:var(--global-kb-gap-md, 2rem);padding-top:var(--global-kb-spacing-sm, 1.5rem);padding-bottom:var(--global-kb-spacing-sm, 1.5rem);grid-template-columns:minmax(0, calc(35% - ((var(--global-kb-gap-md, 2rem) * 1 )\/2)))minmax(0, calc(65% - ((var(--global-kb-gap-md, 2rem) * 1 )\/2)));}.kb-row-layout-id3999_7d4ea8-d9 > .kt-row-layout-overlay{opacity:0.30;}@media all and (max-width: 1024px){.kb-row-layout-id3999_7d4ea8-d9 > .kt-row-column-wrap{grid-template-columns:minmax(0, 1fr) minmax(0, 2fr);}}@media all and (max-width: 767px){.kb-row-layout-id3999_7d4ea8-d9 > .kt-row-column-wrap{grid-template-columns:minmax(0, 1fr);}}<\/style><div class=\"kb-row-layout-wrap kb-row-layout-id3999_7d4ea8-d9 alignnone wp-block-kadence-rowlayout\"><div class=\"kt-row-column-wrap kt-has-2-columns kt-row-layout-right-golden kt-tab-layout-inherit kt-mobile-layout-row kt-row-valign-top\">\n<style>.kadence-column3999_7857c9-b9 > .kt-inside-inner-col,.kadence-column3999_7857c9-b9 > .kt-inside-inner-col:before{border-top-left-radius:0px;border-top-right-radius:0px;border-bottom-right-radius:0px;border-bottom-left-radius:0px;}.kadence-column3999_7857c9-b9 > .kt-inside-inner-col{column-gap:var(--global-kb-gap-sm, 1rem);}.kadence-column3999_7857c9-b9 > .kt-inside-inner-col{flex-direction:column;}.kadence-column3999_7857c9-b9 > .kt-inside-inner-col > .aligncenter{width:100%;}.kadence-column3999_7857c9-b9 > .kt-inside-inner-col:before{opacity:0.3;}.kadence-column3999_7857c9-b9{position:relative;}@media all and (max-width: 1024px){.kadence-column3999_7857c9-b9 > .kt-inside-inner-col{flex-direction:column;justify-content:center;}}@media all and (max-width: 767px){.kadence-column3999_7857c9-b9 > .kt-inside-inner-col{flex-direction:column;justify-content:center;}}<\/style>\n<div class=\"wp-block-kadence-column kadence-column3999_7857c9-b9 inner-column-1\"><div class=\"kt-inside-inner-col\">\n<h2 class=\"wp-block-heading\">Contact info<\/h2>\n\n\n\n<div style=\"height:27px\" aria-hidden=\"true\" class=\"wp-block-spacer\"><\/div>\n\n\n<style>.wp-block-kadence-iconlist.kt-svg-icon-list-items3999_a7d8d5-ea:not(.this-stops-third-party-issues){margin-top:0px;margin-bottom:0px;}.wp-block-kadence-iconlist.kt-svg-icon-list-items3999_a7d8d5-ea ul.kt-svg-icon-list:not(.this-prevents-issues):not(.this-stops-third-party-issues):not(.tijsloc){margin-top:0px;margin-right:0px;margin-bottom:var(--global-kb-spacing-sm, 1.5rem);margin-left:0px;}.wp-block-kadence-iconlist.kt-svg-icon-list-items3999_a7d8d5-ea ul.kt-svg-icon-list{grid-row-gap:5px;}.wp-block-kadence-iconlist.kt-svg-icon-list-items3999_a7d8d5-ea ul.kt-svg-icon-list .kt-svg-icon-list-item-wrap .kt-svg-icon-list-single{margin-right:10px;}.kt-svg-icon-list-items3999_a7d8d5-ea ul.kt-svg-icon-list .kt-svg-icon-list-level-0 .kt-svg-icon-list-single svg{font-size:20px;}<\/style>\n<div class=\"wp-block-kadence-iconlist kt-svg-icon-list-items kt-svg-icon-list-items3999_a7d8d5-ea kt-svg-icon-list-columns-1 alignnone\"><ul class=\"kt-svg-icon-list\"><style>.kt-svg-icon-list-item-_9a9201-c1 .kt-svg-icon-list-single{font-size:30px !important;color:#71a7d3 !important;}.kt-svg-icon-list-item-_9a9201-c1 .kt-svg-icon-list-text mark.kt-highlight{background-color:unset;font-style:normal;color:#f76a0c;-webkit-box-decoration-break:clone;box-decoration-break:clone;padding-top:0px;padding-right:0px;padding-bottom:0px;padding-left:0px;}<\/style>\n<ul>\r\n \t<li class=\"wp-block-kadence-listitem kt-svg-icon-list-item-wrap kt-svg-icon-list-item-_9a9201-c1 kt-svg-icon-list-style-default\"><span class=\"kt-svg-icon-list-text\">Villa Arbousier, Marianne Haest<\/span><\/li>\r\n<\/ul>\n\n\n<style>.kt-svg-icon-list-item-_d5b503-74 .kt-svg-icon-list-single{font-size:30px !important;color:#71a7d3 !important;}.kt-svg-icon-list-item-_d5b503-74 .kt-svg-icon-list-text mark.kt-highlight{background-color:unset;font-style:normal;color:#f76a0c;-webkit-box-decoration-break:clone;box-decoration-break:clone;padding-top:0px;padding-right:0px;padding-bottom:0px;padding-left:0px;}<\/style>\n<ul>\r\n \t<li class=\"wp-block-kadence-listitem kt-svg-icon-list-item-wrap kt-svg-icon-list-item-_d5b503-74\"><span class=\"kt-svg-icon-list-text\"><a href=\"tel:+31299621805\">+31 (0) 299 621805<\/a><\/span><\/li>\r\n<\/ul>\n\n\n<style>.kt-svg-icon-list-item-_6b3dc1-0b .kt-svg-icon-list-single{font-size:30px !important;color:#71a7d3 !important;}.kt-svg-icon-list-item-_6b3dc1-0b .kt-svg-icon-list-text mark.kt-highlight{background-color:unset;font-style:normal;color:#f76a0c;-webkit-box-decoration-break:clone;box-decoration-break:clone;padding-top:0px;padding-right:0px;padding-bottom:0px;padding-left:0px;}<\/style>\n<ul>\r\n \t<li class=\"wp-block-kadence-listitem kt-svg-icon-list-item-wrap kt-svg-icon-list-item-_6b3dc1-0b\"><span class=\"kt-svg-icon-list-text\"><a href=\"tel:+31621632351\">+31 (0) 621632351<\/a><\/span><\/li>\r\n<\/ul>\n\n\n<style>.kt-svg-icon-list-item-_9b1f39-88 .kt-svg-icon-list-single{font-size:30px !important;color:#71a7d3 !important;}.kt-svg-icon-list-item-_9b1f39-88 .kt-svg-icon-list-text mark.kt-highlight{background-color:unset;font-style:normal;color:#f76a0c;-webkit-box-decoration-break:clone;box-decoration-break:clone;padding-top:0px;padding-right:0px;padding-bottom:0px;padding-left:0px;}<\/style>\n<ul>\r\n \t<li class=\"wp-block-kadence-listitem kt-svg-icon-list-item-wrap kt-svg-icon-list-item-_9b1f39-88\"><span class=\"kt-svg-icon-list-text\"><a href=\"mailto:villa@vakantiehuisopcorsica.com\">villa@vakantiehuisopcorsica.com<\/a><\/span><\/li>\r\n<\/ul>\n<\/ul><\/div>\n\n\n\n<figure class=\"wp-block-image size-full\"><img loading=\"lazy\" decoding=\"async\" width=\"196\" height=\"207\" src=\"https:\/\/vakantiehuisopcorsica.com\/wp-content\/uploads\/2017\/02\/marianne.jpg\" alt=\"\" class=\"wp-image-4983\"\/><\/figure>\n\n\n<style>.wp-block-kadence-iconlist.kt-svg-icon-list-items3999_4d7434-ad:not(.this-stops-third-party-issues){margin-top:0px;margin-bottom:0px;}.wp-block-kadence-iconlist.kt-svg-icon-list-items3999_4d7434-ad ul.kt-svg-icon-list:not(.this-prevents-issues):not(.this-stops-third-party-issues):not(.tijsloc){margin-top:0px;margin-right:0px;margin-bottom:var(--global-kb-spacing-sm, 1.5rem);margin-left:0px;}.wp-block-kadence-iconlist.kt-svg-icon-list-items3999_4d7434-ad ul.kt-svg-icon-list{grid-row-gap:5px;}.wp-block-kadence-iconlist.kt-svg-icon-list-items3999_4d7434-ad ul.kt-svg-icon-list .kt-svg-icon-list-item-wrap .kt-svg-icon-list-single{margin-right:10px;}.kt-svg-icon-list-items3999_4d7434-ad ul.kt-svg-icon-list .kt-svg-icon-list-level-0 .kt-svg-icon-list-single svg{font-size:20px;}<\/style>\n<div class=\"wp-block-kadence-iconlist kt-svg-icon-list-items kt-svg-icon-list-items3999_4d7434-ad kt-svg-icon-list-columns-1 alignnone\"><ul class=\"kt-svg-icon-list\"><style>.kt-svg-icon-list-item-_b3009a-fc .kt-svg-icon-list-single{font-size:30px !important;color:#71a7d3 !important;}.kt-svg-icon-list-item-_b3009a-fc .kt-svg-icon-list-text mark.kt-highlight{background-color:unset;font-style:normal;color:#f76a0c;-webkit-box-decoration-break:clone;box-decoration-break:clone;padding-top:0px;padding-right:0px;padding-bottom:0px;padding-left:0px;}<\/style>\n<ul>\r\n \t<li class=\"wp-block-kadence-listitem kt-svg-icon-list-item-wrap kt-svg-icon-list-item-_b3009a-fc\"><span class=\"kt-svg-icon-list-text\"><a href=\"https:\/\/vakantiehuisopcorsica.com\/fr\/le-proprietaire-neerlandais\/\">En savoir plus sur le propri\u00e9taire hollandais<\/a><\/span><\/li>\r\n<\/ul>\n<\/ul><\/div>\n<\/div><\/div>\n\n\n<style>.kadence-column3999_e80bf3-0f > .kt-inside-inner-col,.kadence-column3999_e80bf3-0f > .kt-inside-inner-col:before{border-top-left-radius:0px;border-top-right-radius:0px;border-bottom-right-radius:0px;border-bottom-left-radius:0px;}.kadence-column3999_e80bf3-0f > .kt-inside-inner-col{column-gap:var(--global-kb-gap-sm, 1rem);}.kadence-column3999_e80bf3-0f > .kt-inside-inner-col{flex-direction:column;}.kadence-column3999_e80bf3-0f > .kt-inside-inner-col > .aligncenter{width:100%;}.kadence-column3999_e80bf3-0f > .kt-inside-inner-col:before{opacity:0.3;}.kadence-column3999_e80bf3-0f{position:relative;}@media all and (max-width: 1024px){.kadence-column3999_e80bf3-0f > .kt-inside-inner-col{flex-direction:column;justify-content:center;}}@media all and (max-width: 767px){.kadence-column3999_e80bf3-0f > .kt-inside-inner-col{flex-direction:column;justify-content:center;}}<\/style>\n<div class=\"wp-block-kadence-column kadence-column3999_e80bf3-0f inner-column-2\"><div class=\"kt-inside-inner-col\">\n<h3 class=\"wp-block-heading\"><h3>Contactez Villa Arbousier !&#13;\nvotre maison de vacances en Corse.<\/h3><\/h3>\n\n\n\n<p>Pour plus d\u2019informations remplissez le formulaire ci-dessous ou appelez-nous. R\u00e9servation par t\u00e9l\u00e9phone.<\/p>\n\n\n\n<p>R\u00e9servation par t\u00e9l\u00e9phone.<\/p>\n\n\n\n<div class=\"wp-block-contact-form-7-contact-form-selector\">\n<div class=\"wpcf7 no-js\" id=\"wpcf7-f4056-o1\" lang=\"nl-NL\" dir=\"ltr\" data-wpcf7-id=\"4056\">\n<div class=\"screen-reader-response\"><p role=\"status\" aria-live=\"polite\" aria-atomic=\"true\"><\/p> <ul><\/ul><\/div>\n<form action=\"\/fr\/wp-json\/wp\/v2\/pages\/3999#wpcf7-f4056-o1\" method=\"post\" class=\"wpcf7-form init\" aria-label=\"Contactformulier\" novalidate=\"novalidate\" data-status=\"init\">\n<fieldset class=\"hidden-fields-container\"><input type=\"hidden\" name=\"_wpcf7\" value=\"4056\" \/><input type=\"hidden\" name=\"_wpcf7_version\" value=\"6.1.5\" \/><input type=\"hidden\" name=\"_wpcf7_locale\" value=\"nl_NL\" \/><input type=\"hidden\" name=\"_wpcf7_unit_tag\" value=\"wpcf7-f4056-o1\" \/><input type=\"hidden\" name=\"_wpcf7_container_post\" value=\"0\" \/><input type=\"hidden\" name=\"_wpcf7_posted_data_hash\" value=\"\" \/>\n<\/fieldset>\n<p>Votre nom\n<\/p>\n<p><span class=\"wpcf7-form-control-wrap\" data-name=\"your-name\"><input size=\"40\" maxlength=\"400\" class=\"wpcf7-form-control wpcf7-text wpcf7-validates-as-required\" aria-required=\"true\" aria-invalid=\"false\" value=\"\" type=\"text\" name=\"your-name\" \/><\/span>\n<\/p>\n<p>Email\n<\/p>\n<p><span class=\"wpcf7-form-control-wrap\" data-name=\"your-email\"><input size=\"40\" maxlength=\"400\" class=\"wpcf7-form-control wpcf7-email wpcf7-validates-as-required wpcf7-text wpcf7-validates-as-email\" aria-required=\"true\" aria-invalid=\"false\" value=\"\" type=\"email\" name=\"your-email\" \/><\/span>\n<\/p>\n<p>Message\n<\/p>\n<p><span class=\"wpcf7-form-control-wrap\" data-name=\"your-message\"><textarea cols=\"40\" rows=\"10\" maxlength=\"2000\" class=\"wpcf7-form-control wpcf7-textarea wpcf7-validates-as-required\" aria-required=\"true\" aria-invalid=\"false\" name=\"your-message\"><\/textarea><\/span>\n<\/p>\n<p><span class=\"wpcf7-form-control-wrap\" data-name=\"acceptance-333\"><span class=\"wpcf7-form-control wpcf7-acceptance\"><span class=\"wpcf7-list-item\"><label><input type=\"checkbox\" name=\"acceptance-333\" value=\"1\" aria-invalid=\"false\" \/><span class=\"wpcf7-list-item-label\">J'accepte la politique de confidentialit\u00e9 de ce site<\/span><\/label><\/span><\/span><\/span>\n<\/p>\n<p><span class=\"wpcf7-form-control-wrap\" data-name=\"quiz-675\"><label><span class=\"wpcf7-quiz-label\">Question anti spam: Quel est le chiffre le plus \u00e9lev\u00e9 : 2 ou 8 ?<\/span> <input size=\"40\" class=\"wpcf7-form-control wpcf7-quiz\" autocomplete=\"off\" aria-required=\"true\" aria-invalid=\"false\" type=\"text\" name=\"quiz-675\" \/><\/label><input type=\"hidden\" name=\"_wpcf7_quiz_answer_quiz-675\" value=\"05a11ead6049a5d0d80edd66fb4193f7\" \/><\/span>\n<\/p>\n<p><input class=\"wpcf7-form-control wpcf7-submit has-spinner\" type=\"submit\" value=\"Envoyer\" \/>\n<\/p><div class=\"wpcf7-response-output\" aria-hidden=\"true\"><\/div>\n<\/form>\n<\/div>\n<\/div>\n<\/div><\/div>\n\n<\/div><\/div>","protected":false},"excerpt":{"rendered":"<p>Contact info Contactez Villa Arbousier !&#13; votre maison de vacances en Corse. Pour plus d\u2019informations remplissez le formulaire ci-dessous ou appelez-nous. R\u00e9servation par t\u00e9l\u00e9phone. R\u00e9servation par t\u00e9l\u00e9phone.<\/p>\n","protected":false},"author":3,"featured_media":0,"parent":0,"menu_order":0,"comment_status":"closed","ping_status":"closed","template":"","meta":{"_monsterinsights_skip_tracking":false,"_monsterinsights_sitenote_active":false,"_monsterinsights_sitenote_note":"","_monsterinsights_sitenote_category":0,"footnotes":""},"class_list":["post-3999","page","type-page","status-publish","hentry"],"yoast_head":"<!-- This site is optimized with the Yoast SEO plugin v27.5 - https:\/\/yoast.com\/product\/yoast-seo-wordpress\/ -->\n<title>Contact - Maison de vacances Corse<\/title>\n<meta name=\"description\" content=\"Villa individuelle \/ maison de vacances en Corse. Une situation unique sur la belle \u00eele m\u00e9diterran\u00e9enne. Voir la villa et les disponibilit\u00e9s.\" \/>\n<meta name=\"robots\" content=\"index, follow, max-snippet:-1, max-image-preview:large, max-video-preview:-1\" \/>\n<link rel=\"canonical\" href=\"https:\/\/vakantiehuisopcorsica.com\/fr\/contact\/\" \/>\n<meta property=\"og:locale\" content=\"fr_FR\" \/>\n<meta property=\"og:type\" content=\"article\" \/>\n<meta property=\"og:title\" content=\"Contact - Maison de vacances Corse\" \/>\n<meta property=\"og:description\" content=\"Villa individuelle \/ maison de vacances en Corse. Une situation unique sur la belle \u00eele m\u00e9diterran\u00e9enne. Voir la villa et les disponibilit\u00e9s.\" \/>\n<meta property=\"og:url\" content=\"https:\/\/vakantiehuisopcorsica.com\/fr\/contact\/\" \/>\n<meta property=\"og:site_name\" content=\"Vakantiehuis op Corsica\" \/>\n<meta property=\"article:modified_time\" content=\"2024-03-30T19:48:09+00:00\" \/>\n<meta property=\"og:image\" content=\"https:\/\/vakantiehuisopcorsica.com\/wp-content\/uploads\/2015\/07\/36-arbousier.jpg\" \/>\n<meta name=\"twitter:card\" content=\"summary_large_image\" \/>\n<meta name=\"twitter:label1\" content=\"Dur\u00e9e de lecture estim\u00e9e\" \/>\n\t<meta name=\"twitter:data1\" content=\"1 minute\" \/>\n<script type=\"application\/ld+json\" class=\"yoast-schema-graph\">{\"@context\":\"https:\\\/\\\/schema.org\",\"@graph\":[{\"@type\":\"WebPage\",\"@id\":\"https:\\\/\\\/vakantiehuisopcorsica.com\\\/fr\\\/contact\\\/\",\"url\":\"https:\\\/\\\/vakantiehuisopcorsica.com\\\/fr\\\/contact\\\/\",\"name\":\"Contact - Maison de vacances Corse\",\"isPartOf\":{\"@id\":\"https:\\\/\\\/vakantiehuisopcorsica.com\\\/#website\"},\"primaryImageOfPage\":{\"@id\":\"https:\\\/\\\/vakantiehuisopcorsica.com\\\/fr\\\/contact\\\/#primaryimage\"},\"image\":{\"@id\":\"https:\\\/\\\/vakantiehuisopcorsica.com\\\/fr\\\/contact\\\/#primaryimage\"},\"thumbnailUrl\":\"https:\\\/\\\/vakantiehuisopcorsica.com\\\/wp-content\\\/uploads\\\/2015\\\/07\\\/36-arbousier.jpg\",\"datePublished\":\"2013-05-31T11:56:39+00:00\",\"dateModified\":\"2024-03-30T19:48:09+00:00\",\"description\":\"Villa individuelle \\\/ maison de vacances en Corse. Une situation unique sur la belle \u00eele m\u00e9diterran\u00e9enne. Voir la villa et les disponibilit\u00e9s.\",\"breadcrumb\":{\"@id\":\"https:\\\/\\\/vakantiehuisopcorsica.com\\\/fr\\\/contact\\\/#breadcrumb\"},\"inLanguage\":\"fr-FR\",\"potentialAction\":[{\"@type\":\"ReadAction\",\"target\":[\"https:\\\/\\\/vakantiehuisopcorsica.com\\\/fr\\\/contact\\\/\"]}]},{\"@type\":\"ImageObject\",\"inLanguage\":\"fr-FR\",\"@id\":\"https:\\\/\\\/vakantiehuisopcorsica.com\\\/fr\\\/contact\\\/#primaryimage\",\"url\":\"https:\\\/\\\/vakantiehuisopcorsica.com\\\/wp-content\\\/uploads\\\/2015\\\/07\\\/36-arbousier.jpg\",\"contentUrl\":\"https:\\\/\\\/vakantiehuisopcorsica.com\\\/wp-content\\\/uploads\\\/2015\\\/07\\\/36-arbousier.jpg\"},{\"@type\":\"BreadcrumbList\",\"@id\":\"https:\\\/\\\/vakantiehuisopcorsica.com\\\/fr\\\/contact\\\/#breadcrumb\",\"itemListElement\":[{\"@type\":\"ListItem\",\"position\":1,\"name\":\"Home\",\"item\":\"https:\\\/\\\/vakantiehuisopcorsica.com\\\/fr\\\/\"},{\"@type\":\"ListItem\",\"position\":2,\"name\":\"Contact\"}]},{\"@type\":\"WebSite\",\"@id\":\"https:\\\/\\\/vakantiehuisopcorsica.com\\\/#website\",\"url\":\"https:\\\/\\\/vakantiehuisopcorsica.com\\\/\",\"name\":\"Vakantiehuis op Corsica\",\"description\":\"Vakantiehuis op Corsica\",\"potentialAction\":[{\"@type\":\"SearchAction\",\"target\":{\"@type\":\"EntryPoint\",\"urlTemplate\":\"https:\\\/\\\/vakantiehuisopcorsica.com\\\/?s={search_term_string}\"},\"query-input\":{\"@type\":\"PropertyValueSpecification\",\"valueRequired\":true,\"valueName\":\"search_term_string\"}}],\"inLanguage\":\"fr-FR\"}]}<\/script>\n<!-- \/ Yoast SEO plugin. -->","yoast_head_json":{"title":"Contact - Maison de vacances Corse","description":"Villa individuelle \/ maison de vacances en Corse. Une situation unique sur la belle \u00eele m\u00e9diterran\u00e9enne. Voir la villa et les disponibilit\u00e9s.","robots":{"index":"index","follow":"follow","max-snippet":"max-snippet:-1","max-image-preview":"max-image-preview:large","max-video-preview":"max-video-preview:-1"},"canonical":"https:\/\/vakantiehuisopcorsica.com\/fr\/contact\/","og_locale":"fr_FR","og_type":"article","og_title":"Contact - Maison de vacances Corse","og_description":"Villa individuelle \/ maison de vacances en Corse. Une situation unique sur la belle \u00eele m\u00e9diterran\u00e9enne. Voir la villa et les disponibilit\u00e9s.","og_url":"https:\/\/vakantiehuisopcorsica.com\/fr\/contact\/","og_site_name":"Vakantiehuis op Corsica","article_modified_time":"2024-03-30T19:48:09+00:00","og_image":[{"url":"https:\/\/vakantiehuisopcorsica.com\/wp-content\/uploads\/2015\/07\/36-arbousier.jpg","type":"","width":"","height":""}],"twitter_card":"summary_large_image","twitter_misc":{"Dur\u00e9e de lecture estim\u00e9e":"1 minute"},"schema":{"@context":"https:\/\/schema.org","@graph":[{"@type":"WebPage","@id":"https:\/\/vakantiehuisopcorsica.com\/fr\/contact\/","url":"https:\/\/vakantiehuisopcorsica.com\/fr\/contact\/","name":"Contact - Maison de vacances Corse","isPartOf":{"@id":"https:\/\/vakantiehuisopcorsica.com\/#website"},"primaryImageOfPage":{"@id":"https:\/\/vakantiehuisopcorsica.com\/fr\/contact\/#primaryimage"},"image":{"@id":"https:\/\/vakantiehuisopcorsica.com\/fr\/contact\/#primaryimage"},"thumbnailUrl":"https:\/\/vakantiehuisopcorsica.com\/wp-content\/uploads\/2015\/07\/36-arbousier.jpg","datePublished":"2013-05-31T11:56:39+00:00","dateModified":"2024-03-30T19:48:09+00:00","description":"Villa individuelle \/ maison de vacances en Corse. Une situation unique sur la belle \u00eele m\u00e9diterran\u00e9enne. Voir la villa et les disponibilit\u00e9s.","breadcrumb":{"@id":"https:\/\/vakantiehuisopcorsica.com\/fr\/contact\/#breadcrumb"},"inLanguage":"fr-FR","potentialAction":[{"@type":"ReadAction","target":["https:\/\/vakantiehuisopcorsica.com\/fr\/contact\/"]}]},{"@type":"ImageObject","inLanguage":"fr-FR","@id":"https:\/\/vakantiehuisopcorsica.com\/fr\/contact\/#primaryimage","url":"https:\/\/vakantiehuisopcorsica.com\/wp-content\/uploads\/2015\/07\/36-arbousier.jpg","contentUrl":"https:\/\/vakantiehuisopcorsica.com\/wp-content\/uploads\/2015\/07\/36-arbousier.jpg"},{"@type":"BreadcrumbList","@id":"https:\/\/vakantiehuisopcorsica.com\/fr\/contact\/#breadcrumb","itemListElement":[{"@type":"ListItem","position":1,"name":"Home","item":"https:\/\/vakantiehuisopcorsica.com\/fr\/"},{"@type":"ListItem","position":2,"name":"Contact"}]},{"@type":"WebSite","@id":"https:\/\/vakantiehuisopcorsica.com\/#website","url":"https:\/\/vakantiehuisopcorsica.com\/","name":"Vakantiehuis op Corsica","description":"Vakantiehuis op Corsica","potentialAction":[{"@type":"SearchAction","target":{"@type":"EntryPoint","urlTemplate":"https:\/\/vakantiehuisopcorsica.com\/?s={search_term_string}"},"query-input":{"@type":"PropertyValueSpecification","valueRequired":true,"valueName":"search_term_string"}}],"inLanguage":"fr-FR"}]}},"_links":{"self":[{"href":"https:\/\/vakantiehuisopcorsica.com\/fr\/wp-json\/wp\/v2\/pages\/3999","targetHints":{"allow":["GET"]}}],"collection":[{"href":"https:\/\/vakantiehuisopcorsica.com\/fr\/wp-json\/wp\/v2\/pages"}],"about":[{"href":"https:\/\/vakantiehuisopcorsica.com\/fr\/wp-json\/wp\/v2\/types\/page"}],"author":[{"embeddable":true,"href":"https:\/\/vakantiehuisopcorsica.com\/fr\/wp-json\/wp\/v2\/users\/3"}],"replies":[{"embeddable":true,"href":"https:\/\/vakantiehuisopcorsica.com\/fr\/wp-json\/wp\/v2\/comments?post=3999"}],"version-history":[{"count":10,"href":"https:\/\/vakantiehuisopcorsica.com\/fr\/wp-json\/wp\/v2\/pages\/3999\/revisions"}],"predecessor-version":[{"id":10287,"href":"https:\/\/vakantiehuisopcorsica.com\/fr\/wp-json\/wp\/v2\/pages\/3999\/revisions\/10287"}],"wp:attachment":[{"href":"https:\/\/vakantiehuisopcorsica.com\/fr\/wp-json\/wp\/v2\/media?parent=3999"}],"curies":[{"name":"wp","href":"https:\/\/api.w.org\/{rel}","templated":true}]}}